{"id":1552,"date":"2026-03-23T08:26:27","date_gmt":"2026-03-23T08:26:27","guid":{"rendered":"https:\/\/www.pepapint.es\/?post_type=product&#038;p=1552"},"modified":"2026-03-23T08:27:08","modified_gmt":"2026-03-23T08:27:08","slug":"audiocuento","status":"publish","type":"product","link":"https:\/\/www.pepapint.es\/index.php\/producto\/audiocuento\/","title":{"rendered":"AUDIOCUENTO"},"content":{"rendered":"<p>Libro interactivo que contiene cinco cuentos donde el protagonista es un animal. Tu hijo o hija se convertir\u00e1 en el propio ilustrador o ilustradora de la historia, estimulando as\u00ed la alegr\u00eda de dibujar y colorear. Cada cuento transmite una ense\u00f1anza y, adem\u00e1s, ahora tambi\u00e9n est\u00e1 disponible en versi\u00f3n audio para disfrutar de la historia de una forma a\u00fan m\u00e1s especial.<\/p>\n","protected":false},"excerpt":{"rendered":"<p>Libro interactivo que contiene cinco cuentos donde el protagonista es un animal. Tu hijo o hija se convertir\u00e1 en el propio ilustrador o ilustradora de la historia, estimulando as\u00ed la alegr\u00eda de dibujar y colorear. Cada cuento transmite una ense\u00f1anza y, adem\u00e1s, ahora tambi\u00e9n est\u00e1 disponible en versi\u00f3n audio para disfrutar de la historia de una forma a\u00fan m\u00e1s especial.<\/p>\n","protected":false},"featured_media":1553,"comment_status":"closed","ping_status":"closed","template":"","meta":[],"product_brand":[],"product_cat":[38],"product_tag":[],"class_list":{"0":"post-1552","1":"product","2":"type-product","3":"status-publish","4":"has-post-thumbnail","6":"product_cat-ilucuentos","8":"first","9":"instock","10":"virtual","11":"purchasable","12":"product-type-simple"},"yoast_head":"<!-- This site is optimized with the Yoast SEO plugin v27.4 - https:\/\/yoast.com\/product\/yoast-seo-wordpress\/ -->\n<title>AUDIOCUENTO - Pepapint<\/title>\n<meta name=\"robots\" content=\"index, follow, max-snippet:-1, max-image-preview:large, max-video-preview:-1\" \/>\n<link rel=\"canonical\" href=\"https:\/\/www.pepapint.es\/index.php\/producto\/audiocuento\/\" \/>\n<meta property=\"og:locale\" content=\"es_ES\" \/>\n<meta property=\"og:type\" content=\"article\" \/>\n<meta property=\"og:title\" content=\"AUDIOCUENTO - Pepapint\" \/>\n<meta property=\"og:description\" content=\"Libro interactivo que contiene cinco cuentos donde el protagonista es un animal. Tu hijo o hija se convertir\u00e1 en el propio ilustrador o ilustradora de la historia, estimulando as\u00ed la alegr\u00eda de dibujar y colorear. Cada cuento transmite una ense\u00f1anza y, adem\u00e1s, ahora tambi\u00e9n est\u00e1 disponible en versi\u00f3n audio para disfrutar de la historia de una forma a\u00fan m\u00e1s especial.\" \/>\n<meta property=\"og:url\" content=\"https:\/\/www.pepapint.es\/index.php\/producto\/audiocuento\/\" \/>\n<meta property=\"og:site_name\" content=\"Pepapint\" \/>\n<meta property=\"article:modified_time\" content=\"2026-03-23T08:27:08+00:00\" \/>\n<meta property=\"og:image\" content=\"https:\/\/www.pepapint.es\/wp-content\/uploads\/2026\/03\/WhatsApp-Image-2026-03-16-at-13.08.10.jpeg\" \/>\n\t<meta property=\"og:image:width\" content=\"949\" \/>\n\t<meta property=\"og:image:height\" content=\"645\" \/>\n\t<meta property=\"og:image:type\" content=\"image\/jpeg\" \/>\n<meta name=\"twitter:card\" content=\"summary_large_image\" \/>\n<meta name=\"twitter:label1\" content=\"Tiempo de lectura\" \/>\n\t<meta name=\"twitter:data1\" content=\"1 minuto\" \/>\n<script type=\"application\/ld+json\" class=\"yoast-schema-graph\">{\"@context\":\"https:\\\/\\\/schema.org\",\"@graph\":[{\"@type\":\"WebPage\",\"@id\":\"https:\\\/\\\/www.pepapint.es\\\/index.php\\\/producto\\\/audiocuento\\\/\",\"url\":\"https:\\\/\\\/www.pepapint.es\\\/index.php\\\/producto\\\/audiocuento\\\/\",\"name\":\"AUDIOCUENTO - Pepapint\",\"isPartOf\":{\"@id\":\"https:\\\/\\\/www.pepapint.es\\\/#website\"},\"primaryImageOfPage\":{\"@id\":\"https:\\\/\\\/www.pepapint.es\\\/index.php\\\/producto\\\/audiocuento\\\/#primaryimage\"},\"image\":{\"@id\":\"https:\\\/\\\/www.pepapint.es\\\/index.php\\\/producto\\\/audiocuento\\\/#primaryimage\"},\"thumbnailUrl\":\"https:\\\/\\\/www.pepapint.es\\\/wp-content\\\/uploads\\\/2026\\\/03\\\/WhatsApp-Image-2026-03-16-at-13.08.10.jpeg\",\"datePublished\":\"2026-03-23T08:26:27+00:00\",\"dateModified\":\"2026-03-23T08:27:08+00:00\",\"breadcrumb\":{\"@id\":\"https:\\\/\\\/www.pepapint.es\\\/index.php\\\/producto\\\/audiocuento\\\/#breadcrumb\"},\"inLanguage\":\"es\",\"potentialAction\":[{\"@type\":\"ReadAction\",\"target\":[\"https:\\\/\\\/www.pepapint.es\\\/index.php\\\/producto\\\/audiocuento\\\/\"]}]},{\"@type\":\"ImageObject\",\"inLanguage\":\"es\",\"@id\":\"https:\\\/\\\/www.pepapint.es\\\/index.php\\\/producto\\\/audiocuento\\\/#primaryimage\",\"url\":\"https:\\\/\\\/www.pepapint.es\\\/wp-content\\\/uploads\\\/2026\\\/03\\\/WhatsApp-Image-2026-03-16-at-13.08.10.jpeg\",\"contentUrl\":\"https:\\\/\\\/www.pepapint.es\\\/wp-content\\\/uploads\\\/2026\\\/03\\\/WhatsApp-Image-2026-03-16-at-13.08.10.jpeg\",\"width\":949,\"height\":645},{\"@type\":\"BreadcrumbList\",\"@id\":\"https:\\\/\\\/www.pepapint.es\\\/index.php\\\/producto\\\/audiocuento\\\/#breadcrumb\",\"itemListElement\":[{\"@type\":\"ListItem\",\"position\":1,\"name\":\"Portada\",\"item\":\"https:\\\/\\\/www.pepapint.es\\\/\"},{\"@type\":\"ListItem\",\"position\":2,\"name\":\"Tienda\",\"item\":\"https:\\\/\\\/www.pepapint.es\\\/index.php\\\/tienda\\\/\"},{\"@type\":\"ListItem\",\"position\":3,\"name\":\"AUDIOCUENTO\"}]},{\"@type\":\"WebSite\",\"@id\":\"https:\\\/\\\/www.pepapint.es\\\/#website\",\"url\":\"https:\\\/\\\/www.pepapint.es\\\/\",\"name\":\"Pepapint\",\"description\":\"Explora Pepapint: tu tienda de libros infantiles y talleres educativos. Fomentamos la creatividad y el aprendizaje a trav\u00e9s del arte y la lectura. \u00a1Ven a pintar tu propio camino!\",\"publisher\":{\"@id\":\"https:\\\/\\\/www.pepapint.es\\\/#organization\"},\"potentialAction\":[{\"@type\":\"SearchAction\",\"target\":{\"@type\":\"EntryPoint\",\"urlTemplate\":\"https:\\\/\\\/www.pepapint.es\\\/?s={search_term_string}\"},\"query-input\":{\"@type\":\"PropertyValueSpecification\",\"valueRequired\":true,\"valueName\":\"search_term_string\"}}],\"inLanguage\":\"es\"},{\"@type\":\"Organization\",\"@id\":\"https:\\\/\\\/www.pepapint.es\\\/#organization\",\"name\":\"Pepapint\",\"url\":\"https:\\\/\\\/www.pepapint.es\\\/\",\"logo\":{\"@type\":\"ImageObject\",\"inLanguage\":\"es\",\"@id\":\"https:\\\/\\\/www.pepapint.es\\\/#\\\/schema\\\/logo\\\/image\\\/\",\"url\":\"https:\\\/\\\/www.pepapint.es\\\/wp-content\\\/uploads\\\/2026\\\/02\\\/Diseno-sin-titulo.png\",\"contentUrl\":\"https:\\\/\\\/www.pepapint.es\\\/wp-content\\\/uploads\\\/2026\\\/02\\\/Diseno-sin-titulo.png\",\"width\":250,\"height\":250,\"caption\":\"Pepapint\"},\"image\":{\"@id\":\"https:\\\/\\\/www.pepapint.es\\\/#\\\/schema\\\/logo\\\/image\\\/\"}}]}<\/script>\n<!-- \/ Yoast SEO plugin. -->","yoast_head_json":{"title":"AUDIOCUENTO - Pepapint","robots":{"index":"index","follow":"follow","max-snippet":"max-snippet:-1","max-image-preview":"max-image-preview:large","max-video-preview":"max-video-preview:-1"},"canonical":"https:\/\/www.pepapint.es\/index.php\/producto\/audiocuento\/","og_locale":"es_ES","og_type":"article","og_title":"AUDIOCUENTO - Pepapint","og_description":"Libro interactivo que contiene cinco cuentos donde el protagonista es un animal. Tu hijo o hija se convertir\u00e1 en el propio ilustrador o ilustradora de la historia, estimulando as\u00ed la alegr\u00eda de dibujar y colorear. Cada cuento transmite una ense\u00f1anza y, adem\u00e1s, ahora tambi\u00e9n est\u00e1 disponible en versi\u00f3n audio para disfrutar de la historia de una forma a\u00fan m\u00e1s especial.","og_url":"https:\/\/www.pepapint.es\/index.php\/producto\/audiocuento\/","og_site_name":"Pepapint","article_modified_time":"2026-03-23T08:27:08+00:00","og_image":[{"width":949,"height":645,"url":"https:\/\/www.pepapint.es\/wp-content\/uploads\/2026\/03\/WhatsApp-Image-2026-03-16-at-13.08.10.jpeg","type":"image\/jpeg"}],"twitter_card":"summary_large_image","twitter_misc":{"Tiempo de lectura":"1 minuto"},"schema":{"@context":"https:\/\/schema.org","@graph":[{"@type":"WebPage","@id":"https:\/\/www.pepapint.es\/index.php\/producto\/audiocuento\/","url":"https:\/\/www.pepapint.es\/index.php\/producto\/audiocuento\/","name":"AUDIOCUENTO - Pepapint","isPartOf":{"@id":"https:\/\/www.pepapint.es\/#website"},"primaryImageOfPage":{"@id":"https:\/\/www.pepapint.es\/index.php\/producto\/audiocuento\/#primaryimage"},"image":{"@id":"https:\/\/www.pepapint.es\/index.php\/producto\/audiocuento\/#primaryimage"},"thumbnailUrl":"https:\/\/www.pepapint.es\/wp-content\/uploads\/2026\/03\/WhatsApp-Image-2026-03-16-at-13.08.10.jpeg","datePublished":"2026-03-23T08:26:27+00:00","dateModified":"2026-03-23T08:27:08+00:00","breadcrumb":{"@id":"https:\/\/www.pepapint.es\/index.php\/producto\/audiocuento\/#breadcrumb"},"inLanguage":"es","potentialAction":[{"@type":"ReadAction","target":["https:\/\/www.pepapint.es\/index.php\/producto\/audiocuento\/"]}]},{"@type":"ImageObject","inLanguage":"es","@id":"https:\/\/www.pepapint.es\/index.php\/producto\/audiocuento\/#primaryimage","url":"https:\/\/www.pepapint.es\/wp-content\/uploads\/2026\/03\/WhatsApp-Image-2026-03-16-at-13.08.10.jpeg","contentUrl":"https:\/\/www.pepapint.es\/wp-content\/uploads\/2026\/03\/WhatsApp-Image-2026-03-16-at-13.08.10.jpeg","width":949,"height":645},{"@type":"BreadcrumbList","@id":"https:\/\/www.pepapint.es\/index.php\/producto\/audiocuento\/#breadcrumb","itemListElement":[{"@type":"ListItem","position":1,"name":"Portada","item":"https:\/\/www.pepapint.es\/"},{"@type":"ListItem","position":2,"name":"Tienda","item":"https:\/\/www.pepapint.es\/index.php\/tienda\/"},{"@type":"ListItem","position":3,"name":"AUDIOCUENTO"}]},{"@type":"WebSite","@id":"https:\/\/www.pepapint.es\/#website","url":"https:\/\/www.pepapint.es\/","name":"Pepapint","description":"Explora Pepapint: tu tienda de libros infantiles y talleres educativos. Fomentamos la creatividad y el aprendizaje a trav\u00e9s del arte y la lectura. \u00a1Ven a pintar tu propio camino!","publisher":{"@id":"https:\/\/www.pepapint.es\/#organization"},"potentialAction":[{"@type":"SearchAction","target":{"@type":"EntryPoint","urlTemplate":"https:\/\/www.pepapint.es\/?s={search_term_string}"},"query-input":{"@type":"PropertyValueSpecification","valueRequired":true,"valueName":"search_term_string"}}],"inLanguage":"es"},{"@type":"Organization","@id":"https:\/\/www.pepapint.es\/#organization","name":"Pepapint","url":"https:\/\/www.pepapint.es\/","logo":{"@type":"ImageObject","inLanguage":"es","@id":"https:\/\/www.pepapint.es\/#\/schema\/logo\/image\/","url":"https:\/\/www.pepapint.es\/wp-content\/uploads\/2026\/02\/Diseno-sin-titulo.png","contentUrl":"https:\/\/www.pepapint.es\/wp-content\/uploads\/2026\/02\/Diseno-sin-titulo.png","width":250,"height":250,"caption":"Pepapint"},"image":{"@id":"https:\/\/www.pepapint.es\/#\/schema\/logo\/image\/"}}]}},"_links":{"self":[{"href":"https:\/\/www.pepapint.es\/index.php\/wp-json\/wp\/v2\/product\/1552","targetHints":{"allow":["GET"]}}],"collection":[{"href":"https:\/\/www.pepapint.es\/index.php\/wp-json\/wp\/v2\/product"}],"about":[{"href":"https:\/\/www.pepapint.es\/index.php\/wp-json\/wp\/v2\/types\/product"}],"replies":[{"embeddable":true,"href":"https:\/\/www.pepapint.es\/index.php\/wp-json\/wp\/v2\/comments?post=1552"}],"wp:featuredmedia":[{"embeddable":true,"href":"https:\/\/www.pepapint.es\/index.php\/wp-json\/wp\/v2\/media\/1553"}],"wp:attachment":[{"href":"https:\/\/www.pepapint.es\/index.php\/wp-json\/wp\/v2\/media?parent=1552"}],"wp:term":[{"taxonomy":"product_brand","embeddable":true,"href":"https:\/\/www.pepapint.es\/index.php\/wp-json\/wp\/v2\/product_brand?post=1552"},{"taxonomy":"product_cat","embeddable":true,"href":"https:\/\/www.pepapint.es\/index.php\/wp-json\/wp\/v2\/product_cat?post=1552"},{"taxonomy":"product_tag","embeddable":true,"href":"https:\/\/www.pepapint.es\/index.php\/wp-json\/wp\/v2\/product_tag?post=1552"}],"curies":[{"name":"wp","href":"https:\/\/api.w.org\/{rel}","templated":true}]}}