{"id":1160,"date":"2026-02-06T15:05:42","date_gmt":"2026-02-06T15:05:42","guid":{"rendered":"https:\/\/www.pepapint.es\/?post_type=product&#038;p=1160"},"modified":"2026-02-26T09:03:57","modified_gmt":"2026-02-26T09:03:57","slug":"red-poppy","status":"publish","type":"product","link":"https:\/\/www.pepapint.es\/index.php\/producto\/red-poppy\/","title":{"rendered":"Oasis contenido"},"content":{"rendered":"<blockquote data-path-to-node=\"4\">\n<p data-path-to-node=\"4,0\"><b data-path-to-node=\"4,0\" data-index-in-node=\"0\">This is not just a painting; it is a breath of vital energy<\/b>, a reminder of ephemeral beauty and the boldness of nature at its finest.<\/p>\n<p data-path-to-node=\"4,1\">Do you crave a touch of fire and vitality in your space? Don&#8217;t let this <b data-path-to-node=\"4,1\" data-index-in-node=\"72\">scarlet gem<\/b> slip away. Own this unique watercolor today and let the red poppy ignite your home with its passionate spirit and unparalleled beauty. It is the perfect gift to celebrate life and intensity!<\/p>\n<\/blockquote>\n<hr data-path-to-node=\"5\" \/>\n<h3 data-path-to-node=\"6\"><b data-path-to-node=\"6\" data-index-in-node=\"0\">Technical Details:<\/b><\/h3>\n<ul data-path-to-node=\"7\">\n<li>\n<p data-path-to-node=\"7,0,0\">\ud83c\udf3f <b data-path-to-node=\"7,0,0\" data-index-in-node=\"3\">Original Artwork<\/b> \u2013 A unique piece of vibrant energy.<\/p>\n<\/li>\n<li>\n<p data-path-to-node=\"7,1,0\">\ud83c\udfa8 <b data-path-to-node=\"7,1,0\" data-index-in-node=\"3\">Medium<\/b>: Professional-grade watercolor on high-quality acid-free paper.<\/p>\n<\/li>\n<li>\n<p data-path-to-node=\"7,2,0\">\u2728 <b data-path-to-node=\"7,2,0\" data-index-in-node=\"2\">Style<\/b>: Expressive botanical art.<\/p>\n<\/li>\n<li>\n<p data-path-to-node=\"7,3,0\">\ud83c\udf81 <b data-path-to-node=\"7,3,0\" data-index-in-node=\"3\">Ideal for<\/b>: Celebrating life milestones or adding a bold statement to your decor.<\/p>\n<\/li>\n<\/ul>\n","protected":false},"excerpt":{"rendered":"<blockquote data-path-to-node=\"4\">\n<p data-path-to-node=\"4,0\"><b data-path-to-node=\"4,0\" data-index-in-node=\"0\">This is not just a painting; it is a breath of vital energy<\/b>, a reminder of ephemeral beauty and the boldness of nature at its finest.<\/p>\n<p data-path-to-node=\"4,1\">Do you crave a touch of fire and vitality in your space? Don&#8217;t let this <b data-path-to-node=\"4,1\" data-index-in-node=\"72\">scarlet gem<\/b> slip away. Own this unique watercolor today and let the red poppy ignite your home with its passionate spirit and unparalleled beauty. It is the perfect gift to celebrate life and intensity!<\/p>\n<\/blockquote>\n<hr data-path-to-node=\"5\" \/>\n<h3 data-path-to-node=\"6\"><b data-path-to-node=\"6\" data-index-in-node=\"0\">Technical Details:<\/b><\/h3>\n<ul data-path-to-node=\"7\">\n<li>\n<p data-path-to-node=\"7,0,0\">\ud83c\udf3f <b data-path-to-node=\"7,0,0\" data-index-in-node=\"3\">Original Artwork<\/b> \u2013 A unique piece of vibrant energy.<\/p>\n<\/li>\n<li>\n<p data-path-to-node=\"7,1,0\">\ud83c\udfa8 <b data-path-to-node=\"7,1,0\" data-index-in-node=\"3\">Medium<\/b>: Professional-grade watercolor on high-quality acid-free paper.<\/p>\n<\/li>\n<li>\n<p data-path-to-node=\"7,2,0\">\u2728 <b data-path-to-node=\"7,2,0\" data-index-in-node=\"2\">Style<\/b>: Expressive botanical art.<\/p>\n<\/li>\n<li>\n<p data-path-to-node=\"7,3,0\">\ud83c\udf81 <b data-path-to-node=\"7,3,0\" data-index-in-node=\"3\">Ideal for<\/b>: Celebrating life milestones or adding a bold statement to your decor.<\/p>\n<\/li>\n<\/ul>\n","protected":false},"featured_media":1458,"comment_status":"open","ping_status":"closed","template":"","meta":[],"product_brand":[],"product_cat":[59],"product_tag":[],"class_list":{"0":"post-1160","1":"product","2":"type-product","3":"status-publish","4":"has-post-thumbnail","6":"product_cat-flor","8":"first","9":"instock","10":"shipping-taxable","11":"purchasable","12":"product-type-simple"},"yoast_head":"<!-- This site is optimized with the Yoast SEO plugin v27.4 - https:\/\/yoast.com\/product\/yoast-seo-wordpress\/ -->\n<title>Oasis contenido - Pepapint<\/title>\n<meta name=\"description\" content=\"Descubre un oasis de energ\u00eda vital con esta acuarela \u00fanica de amapola roja, perfecta para avivar tu espacio con belleza audaz y esp\u00edritu apasionado.\" \/>\n<meta name=\"robots\" content=\"index, follow, max-snippet:-1, max-image-preview:large, max-video-preview:-1\" \/>\n<link rel=\"canonical\" href=\"https:\/\/www.pepapint.es\/index.php\/producto\/red-poppy\/\" \/>\n<meta property=\"og:locale\" content=\"es_ES\" \/>\n<meta property=\"og:type\" content=\"article\" \/>\n<meta property=\"og:title\" content=\"Oasis contenido - Pepapint\" \/>\n<meta property=\"og:description\" content=\"Descubre un oasis de energ\u00eda vital con esta acuarela \u00fanica de amapola roja, perfecta para avivar tu espacio con belleza audaz y esp\u00edritu apasionado.\" \/>\n<meta property=\"og:url\" content=\"https:\/\/www.pepapint.es\/index.php\/producto\/red-poppy\/\" \/>\n<meta property=\"og:site_name\" content=\"Pepapint\" \/>\n<meta property=\"article:modified_time\" content=\"2026-02-26T09:03:57+00:00\" \/>\n<meta property=\"og:image\" content=\"https:\/\/www.pepapint.es\/wp-content\/uploads\/2026\/02\/WhatsApp-Image-2026-02-15-at-20.48.43-3.jpeg\" \/>\n\t<meta property=\"og:image:width\" content=\"1080\" \/>\n\t<meta property=\"og:image:height\" content=\"1305\" \/>\n\t<meta property=\"og:image:type\" content=\"image\/jpeg\" \/>\n<meta name=\"twitter:card\" content=\"summary_large_image\" \/>\n<meta name=\"twitter:label1\" content=\"Tiempo de lectura\" \/>\n\t<meta name=\"twitter:data1\" content=\"1 minuto\" \/>\n<script type=\"application\/ld+json\" class=\"yoast-schema-graph\">{\"@context\":\"https:\\\/\\\/schema.org\",\"@graph\":[{\"@type\":\"WebPage\",\"@id\":\"https:\\\/\\\/www.pepapint.es\\\/index.php\\\/producto\\\/red-poppy\\\/\",\"url\":\"https:\\\/\\\/www.pepapint.es\\\/index.php\\\/producto\\\/red-poppy\\\/\",\"name\":\"Oasis contenido - Pepapint\",\"isPartOf\":{\"@id\":\"https:\\\/\\\/www.pepapint.es\\\/#website\"},\"primaryImageOfPage\":{\"@id\":\"https:\\\/\\\/www.pepapint.es\\\/index.php\\\/producto\\\/red-poppy\\\/#primaryimage\"},\"image\":{\"@id\":\"https:\\\/\\\/www.pepapint.es\\\/index.php\\\/producto\\\/red-poppy\\\/#primaryimage\"},\"thumbnailUrl\":\"https:\\\/\\\/www.pepapint.es\\\/wp-content\\\/uploads\\\/2026\\\/02\\\/WhatsApp-Image-2026-02-15-at-20.48.43-3.jpeg\",\"datePublished\":\"2026-02-06T15:05:42+00:00\",\"dateModified\":\"2026-02-26T09:03:57+00:00\",\"description\":\"Descubre un oasis de energ\u00eda vital con esta acuarela \u00fanica de amapola roja, perfecta para avivar tu espacio con belleza audaz y esp\u00edritu apasionado.\",\"breadcrumb\":{\"@id\":\"https:\\\/\\\/www.pepapint.es\\\/index.php\\\/producto\\\/red-poppy\\\/#breadcrumb\"},\"inLanguage\":\"es\",\"potentialAction\":[{\"@type\":\"ReadAction\",\"target\":[\"https:\\\/\\\/www.pepapint.es\\\/index.php\\\/producto\\\/red-poppy\\\/\"]}]},{\"@type\":\"ImageObject\",\"inLanguage\":\"es\",\"@id\":\"https:\\\/\\\/www.pepapint.es\\\/index.php\\\/producto\\\/red-poppy\\\/#primaryimage\",\"url\":\"https:\\\/\\\/www.pepapint.es\\\/wp-content\\\/uploads\\\/2026\\\/02\\\/WhatsApp-Image-2026-02-15-at-20.48.43-3.jpeg\",\"contentUrl\":\"https:\\\/\\\/www.pepapint.es\\\/wp-content\\\/uploads\\\/2026\\\/02\\\/WhatsApp-Image-2026-02-15-at-20.48.43-3.jpeg\",\"width\":1080,\"height\":1305},{\"@type\":\"BreadcrumbList\",\"@id\":\"https:\\\/\\\/www.pepapint.es\\\/index.php\\\/producto\\\/red-poppy\\\/#breadcrumb\",\"itemListElement\":[{\"@type\":\"ListItem\",\"position\":1,\"name\":\"Portada\",\"item\":\"https:\\\/\\\/www.pepapint.es\\\/\"},{\"@type\":\"ListItem\",\"position\":2,\"name\":\"Tienda\",\"item\":\"https:\\\/\\\/www.pepapint.es\\\/index.php\\\/tienda\\\/\"},{\"@type\":\"ListItem\",\"position\":3,\"name\":\"Oasis contenido\"}]},{\"@type\":\"WebSite\",\"@id\":\"https:\\\/\\\/www.pepapint.es\\\/#website\",\"url\":\"https:\\\/\\\/www.pepapint.es\\\/\",\"name\":\"Pepapint\",\"description\":\"Explora Pepapint: tu tienda de libros infantiles y talleres educativos. Fomentamos la creatividad y el aprendizaje a trav\u00e9s del arte y la lectura. \u00a1Ven a pintar tu propio camino!\",\"publisher\":{\"@id\":\"https:\\\/\\\/www.pepapint.es\\\/#organization\"},\"potentialAction\":[{\"@type\":\"SearchAction\",\"target\":{\"@type\":\"EntryPoint\",\"urlTemplate\":\"https:\\\/\\\/www.pepapint.es\\\/?s={search_term_string}\"},\"query-input\":{\"@type\":\"PropertyValueSpecification\",\"valueRequired\":true,\"valueName\":\"search_term_string\"}}],\"inLanguage\":\"es\"},{\"@type\":\"Organization\",\"@id\":\"https:\\\/\\\/www.pepapint.es\\\/#organization\",\"name\":\"Pepapint\",\"url\":\"https:\\\/\\\/www.pepapint.es\\\/\",\"logo\":{\"@type\":\"ImageObject\",\"inLanguage\":\"es\",\"@id\":\"https:\\\/\\\/www.pepapint.es\\\/#\\\/schema\\\/logo\\\/image\\\/\",\"url\":\"https:\\\/\\\/www.pepapint.es\\\/wp-content\\\/uploads\\\/2026\\\/02\\\/Diseno-sin-titulo.png\",\"contentUrl\":\"https:\\\/\\\/www.pepapint.es\\\/wp-content\\\/uploads\\\/2026\\\/02\\\/Diseno-sin-titulo.png\",\"width\":250,\"height\":250,\"caption\":\"Pepapint\"},\"image\":{\"@id\":\"https:\\\/\\\/www.pepapint.es\\\/#\\\/schema\\\/logo\\\/image\\\/\"}}]}<\/script>\n<!-- \/ Yoast SEO plugin. -->","yoast_head_json":{"title":"Oasis contenido - Pepapint","description":"Descubre un oasis de energ\u00eda vital con esta acuarela \u00fanica de amapola roja, perfecta para avivar tu espacio con belleza audaz y esp\u00edritu apasionado.","robots":{"index":"index","follow":"follow","max-snippet":"max-snippet:-1","max-image-preview":"max-image-preview:large","max-video-preview":"max-video-preview:-1"},"canonical":"https:\/\/www.pepapint.es\/index.php\/producto\/red-poppy\/","og_locale":"es_ES","og_type":"article","og_title":"Oasis contenido - Pepapint","og_description":"Descubre un oasis de energ\u00eda vital con esta acuarela \u00fanica de amapola roja, perfecta para avivar tu espacio con belleza audaz y esp\u00edritu apasionado.","og_url":"https:\/\/www.pepapint.es\/index.php\/producto\/red-poppy\/","og_site_name":"Pepapint","article_modified_time":"2026-02-26T09:03:57+00:00","og_image":[{"width":1080,"height":1305,"url":"https:\/\/www.pepapint.es\/wp-content\/uploads\/2026\/02\/WhatsApp-Image-2026-02-15-at-20.48.43-3.jpeg","type":"image\/jpeg"}],"twitter_card":"summary_large_image","twitter_misc":{"Tiempo de lectura":"1 minuto"},"schema":{"@context":"https:\/\/schema.org","@graph":[{"@type":"WebPage","@id":"https:\/\/www.pepapint.es\/index.php\/producto\/red-poppy\/","url":"https:\/\/www.pepapint.es\/index.php\/producto\/red-poppy\/","name":"Oasis contenido - Pepapint","isPartOf":{"@id":"https:\/\/www.pepapint.es\/#website"},"primaryImageOfPage":{"@id":"https:\/\/www.pepapint.es\/index.php\/producto\/red-poppy\/#primaryimage"},"image":{"@id":"https:\/\/www.pepapint.es\/index.php\/producto\/red-poppy\/#primaryimage"},"thumbnailUrl":"https:\/\/www.pepapint.es\/wp-content\/uploads\/2026\/02\/WhatsApp-Image-2026-02-15-at-20.48.43-3.jpeg","datePublished":"2026-02-06T15:05:42+00:00","dateModified":"2026-02-26T09:03:57+00:00","description":"Descubre un oasis de energ\u00eda vital con esta acuarela \u00fanica de amapola roja, perfecta para avivar tu espacio con belleza audaz y esp\u00edritu apasionado.","breadcrumb":{"@id":"https:\/\/www.pepapint.es\/index.php\/producto\/red-poppy\/#breadcrumb"},"inLanguage":"es","potentialAction":[{"@type":"ReadAction","target":["https:\/\/www.pepapint.es\/index.php\/producto\/red-poppy\/"]}]},{"@type":"ImageObject","inLanguage":"es","@id":"https:\/\/www.pepapint.es\/index.php\/producto\/red-poppy\/#primaryimage","url":"https:\/\/www.pepapint.es\/wp-content\/uploads\/2026\/02\/WhatsApp-Image-2026-02-15-at-20.48.43-3.jpeg","contentUrl":"https:\/\/www.pepapint.es\/wp-content\/uploads\/2026\/02\/WhatsApp-Image-2026-02-15-at-20.48.43-3.jpeg","width":1080,"height":1305},{"@type":"BreadcrumbList","@id":"https:\/\/www.pepapint.es\/index.php\/producto\/red-poppy\/#breadcrumb","itemListElement":[{"@type":"ListItem","position":1,"name":"Portada","item":"https:\/\/www.pepapint.es\/"},{"@type":"ListItem","position":2,"name":"Tienda","item":"https:\/\/www.pepapint.es\/index.php\/tienda\/"},{"@type":"ListItem","position":3,"name":"Oasis contenido"}]},{"@type":"WebSite","@id":"https:\/\/www.pepapint.es\/#website","url":"https:\/\/www.pepapint.es\/","name":"Pepapint","description":"Explora Pepapint: tu tienda de libros infantiles y talleres educativos. Fomentamos la creatividad y el aprendizaje a trav\u00e9s del arte y la lectura. \u00a1Ven a pintar tu propio camino!","publisher":{"@id":"https:\/\/www.pepapint.es\/#organization"},"potentialAction":[{"@type":"SearchAction","target":{"@type":"EntryPoint","urlTemplate":"https:\/\/www.pepapint.es\/?s={search_term_string}"},"query-input":{"@type":"PropertyValueSpecification","valueRequired":true,"valueName":"search_term_string"}}],"inLanguage":"es"},{"@type":"Organization","@id":"https:\/\/www.pepapint.es\/#organization","name":"Pepapint","url":"https:\/\/www.pepapint.es\/","logo":{"@type":"ImageObject","inLanguage":"es","@id":"https:\/\/www.pepapint.es\/#\/schema\/logo\/image\/","url":"https:\/\/www.pepapint.es\/wp-content\/uploads\/2026\/02\/Diseno-sin-titulo.png","contentUrl":"https:\/\/www.pepapint.es\/wp-content\/uploads\/2026\/02\/Diseno-sin-titulo.png","width":250,"height":250,"caption":"Pepapint"},"image":{"@id":"https:\/\/www.pepapint.es\/#\/schema\/logo\/image\/"}}]}},"_links":{"self":[{"href":"https:\/\/www.pepapint.es\/index.php\/wp-json\/wp\/v2\/product\/1160","targetHints":{"allow":["GET"]}}],"collection":[{"href":"https:\/\/www.pepapint.es\/index.php\/wp-json\/wp\/v2\/product"}],"about":[{"href":"https:\/\/www.pepapint.es\/index.php\/wp-json\/wp\/v2\/types\/product"}],"replies":[{"embeddable":true,"href":"https:\/\/www.pepapint.es\/index.php\/wp-json\/wp\/v2\/comments?post=1160"}],"wp:featuredmedia":[{"embeddable":true,"href":"https:\/\/www.pepapint.es\/index.php\/wp-json\/wp\/v2\/media\/1458"}],"wp:attachment":[{"href":"https:\/\/www.pepapint.es\/index.php\/wp-json\/wp\/v2\/media?parent=1160"}],"wp:term":[{"taxonomy":"product_brand","embeddable":true,"href":"https:\/\/www.pepapint.es\/index.php\/wp-json\/wp\/v2\/product_brand?post=1160"},{"taxonomy":"product_cat","embeddable":true,"href":"https:\/\/www.pepapint.es\/index.php\/wp-json\/wp\/v2\/product_cat?post=1160"},{"taxonomy":"product_tag","embeddable":true,"href":"https:\/\/www.pepapint.es\/index.php\/wp-json\/wp\/v2\/product_tag?post=1160"}],"curies":[{"name":"wp","href":"https:\/\/api.w.org\/{rel}","templated":true}]}}